{"id":77,"date":"2023-03-10T18:44:31","date_gmt":"2023-03-10T17:44:31","guid":{"rendered":"https:\/\/ar-improve.biba.uni-bremen.de\/index.php\/colibri-wp\/"},"modified":"2024-07-29T14:18:35","modified_gmt":"2024-07-29T12:18:35","slug":"colibri-wp","status":"publish","type":"page","link":"https:\/\/ar-improve.biba.uni-bremen.de\/","title":{"rendered":"Startseite"},"content":{"rendered":"<div data-colibri-id=\"77-c1\" class=\"style-190 style-local-77-c1 position-relative\">\r\n  <!---->\r\n  <div data-colibri-component=\"section\" data-colibri-id=\"77-c2\" id=\"content\" class=\"h-section h-section-global-spacing d-flex align-items-lg-center align-items-md-center align-items-center style-400 style-local-77-c2 h-overflow-hidden position-relative\">\r\n    <!---->\r\n    <!---->\r\n    <div class=\"h-section-grid-container h-section-fluid-container\">\r\n      <!---->\r\n      <div data-colibri-id=\"77-c3\" class=\"h-row-container gutters-row-lg-2 gutters-row-md-2 gutters-row-0 gutters-row-v-lg-2 gutters-row-v-md-2 gutters-row-v-2 style-417 style-local-77-c3 position-relative\">\r\n        <!---->\r\n        <div class=\"h-row justify-content-lg-center justify-content-md-center justify-content-center align-items-lg-stretch align-items-md-stretch align-items-stretch gutters-col-lg-2 gutters-col-md-2 gutters-col-0 gutters-col-v-lg-2 gutters-col-v-md-2 gutters-col-v-2\">\r\n          <!---->\r\n          <div class=\"h-column h-column-container d-flex h-col-lg-auto h-col-md-auto h-col-auto style-418-outer style-local-77-c4-outer\">\r\n            <div data-colibri-id=\"77-c4\" class=\"d-flex h-flex-basis h-column__inner h-px-lg-2 h-px-md-2 h-px-2 v-inner-lg-2 v-inner-md-2 v-inner-2 style-418 style-local-77-c4 position-relative\">\r\n              <!---->\r\n              <!---->\r\n              <div class=\"w-100 h-y-container h-column__content h-column__v-align flex-basis-100 align-self-lg-start align-self-md-start align-self-start\">\r\n                <!---->\r\n                <div data-colibri-id=\"77-c5\" class=\"d-block style-419 style-local-77-c5 position-relative h-element\">\r\n                  <!---->\r\n                  <div class=\"h-image__frame-container-outer\">\r\n                    <div class=\"h-image__frame-container\">\r\n                      <!---->\r\n                      <!---->\r\n                      <img decoding=\"async\" src=\"https:\/\/ar-improve.biba.uni-bremen.de\/wp-content\/uploads\/2023\/02\/Abbildung-1-1-768x738.png\" class=\"style-419-image style-local-77-c5-image\">\r\n                      <div class=\"h-image__frame h-hide-lg h-hide-md h-hide-sm style-419-frameImage style-local-77-c5-frameImage\"><\/div>\r\n                    <\/div>\r\n                  <\/div>\r\n                <\/div>\r\n              <\/div>\r\n            <\/div>\r\n          <\/div>\r\n        <\/div>\r\n      <\/div>\r\n    <\/div>\r\n  <\/div>\r\n  <div data-colibri-component=\"section\" data-colibri-id=\"77-c6\" id=\"custom\" class=\"h-section h-section-global-spacing d-flex align-items-lg-center align-items-md-center align-items-center style-421 style-local-77-c6 position-relative\">\r\n    <!---->\r\n    <!---->\r\n    <div class=\"h-section-grid-container h-section-boxed-container\">\r\n      <!---->\r\n      <div data-colibri-id=\"77-c7\" class=\"h-row-container gutters-row-lg-2 gutters-row-md-2 gutters-row-0 gutters-row-v-lg-2 gutters-row-v-md-2 gutters-row-v-2 style-422 style-local-77-c7 position-relative\">\r\n        <!---->\r\n        <div class=\"h-row justify-content-lg-center justify-content-md-center justify-content-center align-items-lg-stretch align-items-md-stretch align-items-stretch gutters-col-lg-2 gutters-col-md-2 gutters-col-0 gutters-col-v-lg-2 gutters-col-v-md-2 gutters-col-v-2\">\r\n          <!---->\r\n          <div class=\"h-column h-column-container d-flex h-col-lg-auto h-col-md-auto h-col-auto style-423-outer style-local-77-c8-outer\">\r\n            <div data-colibri-id=\"77-c8\" class=\"d-flex h-flex-basis h-column__inner h-px-lg-2 h-px-md-2 h-px-2 v-inner-lg-2 v-inner-md-2 v-inner-2 style-423 style-local-77-c8 position-relative\">\r\n              <!---->\r\n              <!---->\r\n              <div class=\"w-100 h-y-container h-column__content h-column__v-align flex-basis-100 align-self-lg-start align-self-md-start align-self-start\">\r\n                <!---->\r\n                <div data-colibri-id=\"77-c9\" class=\"h-global-transition-all h-heading style-426 style-local-77-c9 position-relative h-element\">\r\n                  <!---->\r\n                  <div class=\"h-heading__outer style-426 style-local-77-c9\">\r\n                    <!---->\r\n                    <!---->\r\n                    <h1 class=\"\">Motivation<\/h1>\r\n                  <\/div>\r\n                <\/div>\r\n                <div data-colibri-id=\"77-c10\" class=\"h-text h-text-component style-427 style-local-77-c10 position-relative h-element\">\r\n                  <!---->\r\n                  <!---->\r\n                  <div class=\"\">\r\n                    <p>Intelligente und interaktive Augmented Reality (AR)-basierte Assistenzsysteme weisen zur Unterst\u00fctzung intralogistischer Arbeitsprozesse ein gro\u00dfes Potenzial auf. In der Praxis, insbesondere bei kleinen und mittleren Unternehmen (KMU),\r\n                      werden AR-Assistenzsysteme jedoch bislang nur vereinzelt eingesetzt. Aufgrund der Vielzahl m\u00f6glicher Hardware- und Softwarekonfigurationen von AR-Assistenzsystemen, die den jeweiligen betrieblichen und prozessabh\u00e4ngigen Anforderungen\r\n                      gegen\u00fcberstehen, ist die fundierte Entscheidung zur Ausgestaltung eines derartigen Systems derzeit von Entscheidungstr\u00e4ger*innen eines Logistikanwenders nicht leistbar.<\/p>\r\n                  <\/div>\r\n                <\/div>\r\n              <\/div>\r\n            <\/div>\r\n          <\/div>\r\n          <div class=\"h-column h-column-container d-flex h-col-lg-auto h-col-md-auto h-col-auto style-424-outer style-local-77-c11-outer\">\r\n            <div data-colibri-id=\"77-c11\" class=\"d-flex h-flex-basis h-column__inner h-px-lg-2 h-px-md-2 h-px-2 v-inner-lg-2 v-inner-md-2 v-inner-2 style-424 style-local-77-c11 position-relative\">\r\n              <!---->\r\n              <!---->\r\n              <div class=\"w-100 h-y-container h-column__content h-column__v-align flex-basis-100 align-self-lg-start align-self-md-start align-self-start\">\r\n                <!---->\r\n                <div data-colibri-id=\"77-c12\" class=\"h-global-transition-all h-heading style-428 style-local-77-c12 position-relative h-element\">\r\n                  <!---->\r\n                  <div class=\"h-heading__outer style-428 style-local-77-c12\">\r\n                    <!---->\r\n                    <!---->\r\n                    <h1 class=\"\">Ziel<\/h1>\r\n                  <\/div>\r\n                <\/div>\r\n                <div data-colibri-id=\"77-c13\" class=\"h-text h-text-component style-429 style-local-77-c13 position-relative h-element\">\r\n                  <!---->\r\n                  <!---->\r\n                  <div class=\"\">\r\n                    <p>Im Zentrum des Forschungsvorhabens steht die Entwicklung eines interaktiven Leitfadens, welcher es Entscheidungstr\u00e4ger*innen in KMU erm\u00f6glicht, fundierte Entscheidungen \u00fcber den bedarfsgerechten und menschorientierten Einsatz von AR-Assistenzsystemen\r\n                      ohne detaillierte Vorkenntnisse zur AR-Technologie zu treffen. \u00dcber eine erg\u00e4nzende Applikation wird AR erfahrbar gemacht und der Nutzen der Anwendung im t\u00e4glichen Arbeitsprozess wird hierdurch einsch\u00e4tzbar. Der avisierte Leitfaden\r\n                      tr\u00e4gt dabei zur Gestaltung bedarfsgerechter, intelligenter und interaktiver AR-Assistenzsysteme bei und steigert somit die Investitionssicherheit f\u00fcr KMU deutlich.<\/p>\r\n                  <\/div>\r\n                <\/div>\r\n              <\/div>\r\n            <\/div>\r\n          <\/div>\r\n          <div class=\"h-column h-column-container d-flex h-col-lg-auto h-col-md-auto h-col-auto style-425-outer style-local-77-c14-outer\">\r\n            <div data-colibri-id=\"77-c14\" class=\"d-flex h-flex-basis h-column__inner h-px-lg-2 h-px-md-2 h-px-2 v-inner-lg-2 v-inner-md-2 v-inner-2 style-425 style-local-77-c14 position-relative\">\r\n              <!---->\r\n              <!---->\r\n              <div class=\"w-100 h-y-container h-column__content h-column__v-align flex-basis-100 align-self-lg-start align-self-md-start align-self-start\">\r\n                <!---->\r\n                <div data-colibri-id=\"77-c15\" class=\"h-global-transition-all h-heading style-430 style-local-77-c15 position-relative h-element\">\r\n                  <!---->\r\n                  <div class=\"h-heading__outer style-430 style-local-77-c15\">\r\n                    <!---->\r\n                    <!---->\r\n                    <h1 class=\"\">Vorgehen<\/h1>\r\n                  <\/div>\r\n                <\/div>\r\n                <div data-colibri-id=\"77-c16\" class=\"h-text h-text-component style-431 style-local-77-c16 position-relative h-element\">\r\n                  <!---->\r\n                  <!---->\r\n                  <div class=\"\">\r\n                    <p>Die f\u00fcr den Leitfaden notwendige Datengrundlage soll mittels umfangreicher Nutzerstudien, z.B. auf Grundlage vom System Usability Scale nach Brooke, erhoben werden. Hierf\u00fcr werden verschiedene intelligente AR-Assistenzsysteme zu Evaluationszwecken\r\n                      f\u00fcr repr\u00e4sentative intralogistische Arbeitsaufgaben und Nutzer*innengruppen aufgebaut und an einem Testaufbau evaluiert. Hierzu werden sowohl AR-Systeme f\u00fcr mobile Endger\u00e4te (Smartphones) als auch f\u00fcr Mixed-Reality-Brillen (z.B.\r\n                      Hololens 2) ber\u00fccksichtigt.<\/p>\r\n                  <\/div>\r\n                <\/div>\r\n              <\/div>\r\n            <\/div>\r\n          <\/div>\r\n        <\/div>\r\n      <\/div>\r\n    <\/div>\r\n  <\/div>\r\n  <div data-colibri-component=\"section\" data-colibri-id=\"77-c17\" id=\"custom-2\" class=\"h-section h-section-global-spacing d-flex align-items-lg-center align-items-md-center align-items-center style-593 style-local-77-c17 position-relative\">\r\n    <!---->\r\n    <!---->\r\n    <div class=\"h-section-grid-container h-section-boxed-container\">\r\n      <!---->\r\n      <div data-colibri-id=\"77-c18\" class=\"h-row-container gutters-row-lg-2 gutters-row-md-2 gutters-row-0 gutters-row-v-lg-2 gutters-row-v-md-2 gutters-row-v-2 style-603 style-local-77-c18 position-relative\">\r\n        <!---->\r\n        <div class=\"h-row justify-content-lg-center justify-content-md-center justify-content-center align-items-lg-stretch align-items-md-stretch align-items-stretch gutters-col-lg-2 gutters-col-md-2 gutters-col-0 gutters-col-v-lg-2 gutters-col-v-md-2 gutters-col-v-2\">\r\n          <!---->\r\n          <div class=\"h-column h-column-container d-flex h-col-lg-auto h-col-md-auto h-col-auto style-604-outer style-local-77-c19-outer\">\r\n            <div data-colibri-id=\"77-c19\" class=\"d-flex h-flex-basis h-column__inner h-px-lg-2 h-px-md-2 h-px-2 v-inner-lg-2 v-inner-md-2 v-inner-2 style-604 style-local-77-c19 position-relative\">\r\n              <!---->\r\n              <!---->\r\n              <div class=\"w-100 h-y-container h-column__content h-column__v-align flex-basis-100 align-self-lg-start align-self-md-start align-self-start\">\r\n                <!---->\r\n                <div data-colibri-id=\"77-c20\" class=\"h-global-transition-all h-heading style-605 style-local-77-c20 position-relative h-element\">\r\n                  <!---->\r\n                  <div class=\"h-heading__outer style-605 style-local-77-c20\">\r\n                    <!---->\r\n                    <!---->\r\n                    <h2 class=\"\">F\u00f6rderer<\/h2>\r\n                  <\/div>\r\n                <\/div>\r\n              <\/div>\r\n            <\/div>\r\n          <\/div>\r\n        <\/div>\r\n      <\/div>\r\n      <div data-colibri-id=\"77-c21\" class=\"h-row-container gutters-row-lg-2 gutters-row-md-2 gutters-row-0 gutters-row-v-lg-2 gutters-row-v-md-2 gutters-row-v-2 style-594 style-local-77-c21 position-relative\">\r\n        <!---->\r\n        <div class=\"h-row justify-content-lg-center justify-content-md-center justify-content-center align-items-lg-stretch align-items-md-stretch align-items-stretch gutters-col-lg-2 gutters-col-md-2 gutters-col-0 gutters-col-v-lg-2 gutters-col-v-md-2 gutters-col-v-2\">\r\n          <!---->\r\n          <div class=\"h-column h-column-container d-flex h-col-lg-auto h-col-md-auto h-col-auto style-595-outer style-local-77-c22-outer\">\r\n            <div data-colibri-id=\"77-c22\" class=\"d-flex h-flex-basis h-column__inner h-px-lg-2 h-px-md-2 h-px-2 v-inner-lg-2 v-inner-md-2 v-inner-2 style-595 style-local-77-c22 position-relative\">\r\n              <!---->\r\n              <!---->\r\n              <div class=\"w-100 h-y-container h-column__content h-column__v-align flex-basis-100 align-self-lg-center align-self-md-center align-self-center\">\r\n                <!---->\r\n                <div data-colibri-id=\"77-c23\" class=\"d-block style-599 style-local-77-c23 position-relative h-element\">\r\n                  <!---->\r\n                  <div class=\"h-image__frame-container-outer\">\r\n                    <a href=\"https:\/\/www.bvl.de\/\" h-use-smooth-scroll=\"true\" class=\"image-link\">\r\n                      <div class=\"h-image__frame-container\">\r\n                        <!---->\r\n                        <!---->\r\n                        <img loading=\"lazy\" decoding=\"async\" width=\"999\" height=\"472\" src=\"https:\/\/ar-improve.biba.uni-bremen.de\/wp-content\/uploads\/2023\/06\/bvl-logo_2019_big.png\" class=\"wp-image-304 style-599-image style-local-77-c23-image\" alt=\"\" srcset=\"https:\/\/ar-improve.biba.uni-bremen.de\/wp-content\/uploads\/2023\/06\/bvl-logo_2019_big.png 999w, https:\/\/ar-improve.biba.uni-bremen.de\/wp-content\/uploads\/2023\/06\/bvl-logo_2019_big-300x142.png 300w, https:\/\/ar-improve.biba.uni-bremen.de\/wp-content\/uploads\/2023\/06\/bvl-logo_2019_big-768x363.png 768w\" sizes=\"auto, (max-width: 999px) 100vw, 999px\" \/>\r\n                        <div class=\"h-image__frame h-hide-lg h-hide-md h-hide-sm style-599-frameImage style-local-77-c23-frameImage\"><\/div>\r\n                      <\/div>\r\n                    <\/a>\r\n                  <\/div>\r\n                <\/div>\r\n              <\/div>\r\n            <\/div>\r\n          <\/div>\r\n          <div class=\"h-column h-column-container d-flex h-col-lg-auto h-col-md-auto h-col-auto style-596-outer style-local-77-c24-outer\">\r\n            <div data-colibri-id=\"77-c24\" class=\"d-flex h-flex-basis h-column__inner h-px-lg-2 h-px-md-2 h-px-2 v-inner-lg-2 v-inner-md-2 v-inner-2 style-596 style-local-77-c24 position-relative\">\r\n              <!---->\r\n              <!---->\r\n              <div class=\"w-100 h-y-container h-column__content h-column__v-align flex-basis-100 align-self-lg-center align-self-md-center align-self-center\">\r\n                <!---->\r\n                <div data-colibri-id=\"77-c25\" class=\"d-block style-600 style-local-77-c25 position-relative h-element\">\r\n                  <!---->\r\n                  <div class=\"h-image__frame-container-outer\">\r\n                    <a href=\"https:\/\/www.aif.de\/\" h-use-smooth-scroll=\"true\" class=\"image-link\">\r\n                      <div class=\"h-image__frame-container\">\r\n                        <!---->\r\n                        <!---->\r\n                        <img loading=\"lazy\" decoding=\"async\" width=\"592\" height=\"325\" src=\"https:\/\/ar-improve.biba.uni-bremen.de\/wp-content\/uploads\/2023\/06\/AiF_Logo_crop.png\" class=\"wp-image-305 style-600-image style-local-77-c25-image\" alt=\"\" srcset=\"https:\/\/ar-improve.biba.uni-bremen.de\/wp-content\/uploads\/2023\/06\/AiF_Logo_crop.png 592w, https:\/\/ar-improve.biba.uni-bremen.de\/wp-content\/uploads\/2023\/06\/AiF_Logo_crop-300x165.png 300w\" sizes=\"auto, (max-width: 592px) 100vw, 592px\" \/>\r\n                        <div class=\"h-image__frame h-hide-lg h-hide-md h-hide-sm style-600-frameImage style-local-77-c25-frameImage\"><\/div>\r\n                      <\/div>\r\n                    <\/a>\r\n                  <\/div>\r\n                <\/div>\r\n              <\/div>\r\n            <\/div>\r\n          <\/div>\r\n          <div class=\"h-column h-column-container d-flex h-col-lg-auto h-col-md-auto h-col-auto style-597-outer style-local-77-c26-outer\">\r\n            <div data-colibri-id=\"77-c26\" class=\"d-flex h-flex-basis h-column__inner h-px-lg-2 h-px-md-2 h-px-2 v-inner-lg-2 v-inner-md-2 v-inner-2 style-597 style-local-77-c26 position-relative\">\r\n              <!---->\r\n              <!---->\r\n              <div class=\"w-100 h-y-container h-column__content h-column__v-align flex-basis-100 align-self-lg-center align-self-md-center align-self-center\">\r\n                <!---->\r\n                <div data-colibri-id=\"77-c27\" class=\"d-block style-601 style-local-77-c27 position-relative h-element\">\r\n                  <!---->\r\n                  <div class=\"h-image__frame-container-outer\">\r\n                    <a href=\"https:\/\/www.aif.de\/foerderangebote\/igf-industrielle-gemeinschaftsforschung.html\" h-use-smooth-scroll=\"true\" class=\"image-link\">\r\n                      <div class=\"h-image__frame-container\">\r\n                        <!---->\r\n                        <!---->\r\n                        <img loading=\"lazy\" decoding=\"async\" width=\"307\" height=\"157\" src=\"https:\/\/ar-improve.biba.uni-bremen.de\/wp-content\/uploads\/2023\/06\/IGF_Logo_crop.png\" class=\"wp-image-306 style-601-image style-local-77-c27-image\" alt=\"\" srcset=\"https:\/\/ar-improve.biba.uni-bremen.de\/wp-content\/uploads\/2023\/06\/IGF_Logo_crop.png 307w, https:\/\/ar-improve.biba.uni-bremen.de\/wp-content\/uploads\/2023\/06\/IGF_Logo_crop-300x153.png 300w\" sizes=\"auto, (max-width: 307px) 100vw, 307px\" \/>\r\n                        <div class=\"h-image__frame h-hide-lg h-hide-md h-hide-sm style-601-frameImage style-local-77-c27-frameImage\"><\/div>\r\n                      <\/div>\r\n                    <\/a>\r\n                  <\/div>\r\n                <\/div>\r\n              <\/div>\r\n            <\/div>\r\n          <\/div>\r\n          <div class=\"h-column h-column-container d-flex h-col-lg-auto h-col-md-auto h-col-auto style-598-outer style-local-77-c28-outer\">\r\n            <div data-colibri-id=\"77-c28\" class=\"d-flex h-flex-basis h-column__inner h-px-lg-2 h-px-md-2 h-px-2 v-inner-lg-2 v-inner-md-2 v-inner-2 style-598 style-local-77-c28 position-relative\">\r\n              <!---->\r\n              <!---->\r\n              <div class=\"w-100 h-y-container h-column__content h-column__v-align flex-basis-100 align-self-lg-start align-self-md-start align-self-start\">\r\n                <!---->\r\n                <div data-colibri-id=\"77-c29\" class=\"d-block style-602 style-local-77-c29 position-relative h-element\">\r\n                  <!---->\r\n                  <div class=\"h-image__frame-container-outer\">\r\n                    <a href=\"https:\/\/www.bmwk.de\/\" h-use-smooth-scroll=\"true\" class=\"image-link\">\r\n                      <div class=\"h-image__frame-container\">\r\n                        <!---->\r\n                        <!---->\r\n                        <img loading=\"lazy\" decoding=\"async\" width=\"1500\" height=\"1073\" src=\"https:\/\/ar-improve.biba.uni-bremen.de\/wp-content\/uploads\/2023\/06\/BMWK_de_crop_b.png\" class=\"wp-image-309 style-602-image style-local-77-c29-image\" alt=\"\" srcset=\"https:\/\/ar-improve.biba.uni-bremen.de\/wp-content\/uploads\/2023\/06\/BMWK_de_crop_b.png 1500w, https:\/\/ar-improve.biba.uni-bremen.de\/wp-content\/uploads\/2023\/06\/BMWK_de_crop_b-300x215.png 300w, https:\/\/ar-improve.biba.uni-bremen.de\/wp-content\/uploads\/2023\/06\/BMWK_de_crop_b-1024x733.png 1024w, https:\/\/ar-improve.biba.uni-bremen.de\/wp-content\/uploads\/2023\/06\/BMWK_de_crop_b-768x549.png 768w\" sizes=\"auto, (max-width: 1500px) 100vw, 1500px\" \/>\r\n                        <div class=\"h-image__frame h-hide-lg h-hide-md h-hide-sm style-602-frameImage style-local-77-c29-frameImage\"><\/div>\r\n                      <\/div>\r\n                    <\/a>\r\n                  <\/div>\r\n                <\/div>\r\n              <\/div>\r\n            <\/div>\r\n          <\/div>\r\n        <\/div>\r\n      <\/div>\r\n    <\/div>\r\n  <\/div>\r\n<\/div>","protected":false},"excerpt":{"rendered":"<p>Motivation Intelligente und interaktive Augmented Reality (AR)-basierte Assistenzsysteme weisen zur Unterst\u00fctzung intralogistischer Arbeitsprozesse ein gro\u00dfes Potenzial auf. In der Praxis, insbesondere bei kleinen und mittleren Unternehmen (KMU), werden AR-Assistenzsysteme jedoch bislang nur vereinzelt eingesetzt. Aufgrund der Vielzahl m\u00f6glicher Hardware- und Softwarekonfigurationen von AR-Assistenzsystemen, die den jeweiligen betrieblichen und prozessabh\u00e4ngigen Anforderungen gegen\u00fcberstehen, ist die fundierte Entscheidung [&hellip;]<\/p>\n","protected":false},"author":2,"featured_media":0,"parent":0,"menu_order":0,"comment_status":"closed","ping_status":"closed","template":"page-templates\/homepage.php","meta":{"footnotes":""},"class_list":["post-77","page","type-page","status-publish","hentry"],"_links":{"self":[{"href":"https:\/\/ar-improve.biba.uni-bremen.de\/index.php\/wp-json\/wp\/v2\/pages\/77","targetHints":{"allow":["GET"]}}],"collection":[{"href":"https:\/\/ar-improve.biba.uni-bremen.de\/index.php\/wp-json\/wp\/v2\/pages"}],"about":[{"href":"https:\/\/ar-improve.biba.uni-bremen.de\/index.php\/wp-json\/wp\/v2\/types\/page"}],"author":[{"embeddable":true,"href":"https:\/\/ar-improve.biba.uni-bremen.de\/index.php\/wp-json\/wp\/v2\/users\/2"}],"replies":[{"embeddable":true,"href":"https:\/\/ar-improve.biba.uni-bremen.de\/index.php\/wp-json\/wp\/v2\/comments?post=77"}],"version-history":[{"count":20,"href":"https:\/\/ar-improve.biba.uni-bremen.de\/index.php\/wp-json\/wp\/v2\/pages\/77\/revisions"}],"predecessor-version":[{"id":405,"href":"https:\/\/ar-improve.biba.uni-bremen.de\/index.php\/wp-json\/wp\/v2\/pages\/77\/revisions\/405"}],"wp:attachment":[{"href":"https:\/\/ar-improve.biba.uni-bremen.de\/index.php\/wp-json\/wp\/v2\/media?parent=77"}],"curies":[{"name":"wp","href":"https:\/\/api.w.org\/{rel}","templated":true}]}}