{"id":3,"date":"2023-02-03T13:47:22","date_gmt":"2023-02-03T12:47:22","guid":{"rendered":"https:\/\/ar-improve.biba.uni-bremen.de\/?page_id=3"},"modified":"2023-06-09T16:42:03","modified_gmt":"2023-06-09T14:42:03","slug":"datenschutzerklaerung","status":"publish","type":"page","link":"https:\/\/ar-improve.biba.uni-bremen.de\/index.php\/datenschutzerklaerung\/","title":{"rendered":"Datenschutz"},"content":{"rendered":"<div data-colibri-id=\"3-c1\" class=\"style-482 style-local-3-c1 position-relative\">\n  <!---->\n  <div data-colibri-component=\"section\" data-colibri-id=\"3-c2\" id=\"initial-content\" class=\"h-section h-section-global-spacing d-flex align-items-lg-center align-items-md-center align-items-center style-483 style-local-3-c2 position-relative\">\n    <!---->\n    <!---->\n    <div class=\"h-section-grid-container h-section-boxed-container\">\n      <!---->\n      <div data-colibri-id=\"3-c3\" class=\"h-row-container gutters-row-lg-2 gutters-row-md-2 gutters-row-0 gutters-row-v-lg-2 gutters-row-v-md-2 gutters-row-v-2 style-490 style-local-3-c3 position-relative\">\n        <!---->\n        <div class=\"h-row justify-content-lg-center justify-content-md-center justify-content-center align-items-lg-stretch align-items-md-stretch align-items-stretch gutters-col-lg-2 gutters-col-md-2 gutters-col-0 gutters-col-v-lg-2 gutters-col-v-md-2 gutters-col-v-2\">\n          <!---->\n          <div class=\"h-column h-column-container d-flex h-col-lg-auto h-col-md-auto h-col-auto style-491-outer style-local-3-c4-outer\">\n            <div data-colibri-id=\"3-c4\" class=\"d-flex h-flex-basis h-column__inner h-px-lg-2 h-px-md-2 h-px-2 v-inner-lg-2 v-inner-md-2 v-inner-2 style-491 style-local-3-c4 position-relative\">\n              <!---->\n              <!---->\n              <div class=\"w-100 h-y-container h-column__content h-column__v-align flex-basis-100 align-self-lg-start align-self-md-start align-self-start\">\n                <!---->\n                <div data-colibri-id=\"3-c5\" class=\"h-global-transition-all h-heading style-492 style-local-3-c5 position-relative h-element\">\n                  <!---->\n                  <div class=\"h-heading__outer style-492 style-local-3-c5\">\n                    <!---->\n                    <!---->\n                    <h1 class=\"\">Datenschutz<\/h1>\n                  <\/div>\n                <\/div>\n              <\/div>\n            <\/div>\n          <\/div>\n        <\/div>\n      <\/div>\n      <div data-colibri-id=\"3-c6\" class=\"h-row-container gutters-row-lg-2 gutters-row-md-2 gutters-row-0 gutters-row-v-lg-2 gutters-row-v-md-2 gutters-row-v-2 style-484 style-local-3-c6 position-relative\">\n        <!---->\n        <div class=\"h-row justify-content-lg-center justify-content-md-center justify-content-center align-items-lg-stretch align-items-md-stretch align-items-stretch gutters-col-lg-2 gutters-col-md-2 gutters-col-0 gutters-col-v-lg-2 gutters-col-v-md-2 gutters-col-v-2\">\n          <!---->\n          <div class=\"h-column h-column-container d-flex h-col-lg-auto h-col-md-auto h-col-auto style-485-outer style-local-3-c7-outer\">\n            <div data-colibri-id=\"3-c7\" class=\"d-flex h-flex-basis h-column__inner h-px-lg-2 h-px-md-2 h-px-2 v-inner-lg-2 v-inner-md-2 v-inner-2 style-485 style-local-3-c7 position-relative\">\n              <!---->\n              <!---->\n              <div class=\"w-100 h-y-container h-column__content h-column__v-align flex-basis-100 align-self-lg-start align-self-md-start align-self-start\">\n                <!---->\n                <div data-colibri-id=\"3-c9\" class=\"h-text h-text-component style-493 style-local-3-c9 position-relative h-element\">\n                  <!---->\n                  <!---->\n                  <div class=\"\">\n                    <p>Herzlich Willkommen! Wir freuen uns \u00fcber Ihren Besuch auf unserer Webseite. Nachfolgend m\u00f6chten wir Sie \u00fcber den Umgang mit Ihren Daten gem. Art. 13 Datenschutzgrundverordnung (DSGVO) informieren.<\/p>\n                  <\/div>\n                <\/div>\n                <div data-colibri-id=\"3-c10\" class=\"h-global-transition-all h-heading style-494 style-local-3-c10 position-relative h-element\">\n                  <!---->\n                  <div class=\"h-heading__outer style-494 style-local-3-c10\">\n                    <!---->\n                    <!---->\n                    <h4 class=\"\">Verantwortlicher<\/h4>\n                  <\/div>\n                <\/div>\n                <div data-colibri-id=\"3-c11\" class=\"h-text h-text-component style-495 style-local-3-c11 position-relative h-element\">\n                  <!---->\n                  <!---->\n                  <div class=\"\">\n                    <p><span style=\"color: rgb(70, 112, 127); font-family: &quot;Open Sans&quot;; font-size: 16px; font-weight: 400;\">Verantwortlich f\u00fcr die nachfolgend dargestellte Datenerhebung und -verarbeitung ist die im<\/span>\n                      <a href=\"https:\/\/ar-improve.biba.uni-bremen.de\/index.php\/impressum\" target=\"_blank\" rel=\"noreferrer noopener\" style=\"color: rgb(3, 169, 244); font-family: &quot;Open Sans&quot;; font-size: 16px; font-weight: 400;\">Impressum<\/a><span style=\"color: rgb(70, 112, 127); font-family: &quot;Open Sans&quot;; font-size: 16px; font-weight: 400;\">&nbsp;genannte Stelle.<\/span><\/p>\n                  <\/div>\n                <\/div>\n                <div data-colibri-id=\"3-c12\" class=\"h-global-transition-all h-heading style-496 style-local-3-c12 position-relative h-element\">\n                  <!---->\n                  <div class=\"h-heading__outer style-496 style-local-3-c12\">\n                    <!---->\n                    <!---->\n                    <h4 class=\"\">Speicherdauer<\/h4>\n                  <\/div>\n                <\/div>\n                <div data-colibri-id=\"3-c13\" class=\"h-text h-text-component style-497 style-local-3-c13 position-relative h-element\">\n                  <!---->\n                  <!---->\n                  <div class=\"\">\n                    <p>Wir l\u00f6schen personenbezogene Daten, wenn sie f\u00fcr die vorgenannten Verarbeitungszwecke nicht mehr erforderlich sind und keine gesetzlichen Aufbewahrungspflichten einer L\u00f6schung entgegenstehen.<\/p>\n                  <\/div>\n                <\/div>\n                <div data-colibri-id=\"3-c14\" class=\"h-global-transition-all h-heading style-498 style-local-3-c14 position-relative h-element\">\n                  <!---->\n                  <div class=\"h-heading__outer style-498 style-local-3-c14\">\n                    <!---->\n                    <!---->\n                    <h4 class=\"\">M\u00f6gliche Datenempf\u00e4nger<\/h4>\n                  <\/div>\n                <\/div>\n                <div data-colibri-id=\"3-c15\" class=\"h-text h-text-component style-499 style-local-3-c15 position-relative h-element\">\n                  <!---->\n                  <!---->\n                  <div class=\"\">\n                    <p>Eine \u00dcbermittlung von Daten an Dritte im Sinne des Art. 4 Ziff. 10 DSGVO erfolgt nicht.<\/p>\n                  <\/div>\n                <\/div>\n                <div data-colibri-id=\"3-c16\" class=\"h-global-transition-all h-heading style-500 style-local-3-c16 position-relative h-element\">\n                  <!---->\n                  <div class=\"h-heading__outer style-500 style-local-3-c16\">\n                    <!---->\n                    <!---->\n                    <h4 class=\"\">Pers\u00f6nliche Angaben<\/h4>\n                  <\/div>\n                <\/div>\n                <div data-colibri-id=\"3-c17\" class=\"h-text h-text-component style-501 style-local-3-c17 position-relative h-element\">\n                  <!---->\n                  <!---->\n                  <div class=\"\">\n                    <p>Angaben, die Sie uns im Rahmen der Kontaktaufnahme \u00fcberlassen, verwenden wir ausschlie\u00dflich zur Bearbeitung Ihrer Anfrage. Ihre Daten werden nicht an Dritte weitergegeben. Nach sp\u00e4testens einem Jahr werden diese Daten gel\u00f6scht.<\/p>\n                  <\/div>\n                <\/div>\n                <div data-colibri-id=\"3-c18\" class=\"h-global-transition-all h-heading style-502 style-local-3-c18 position-relative h-element\">\n                  <!---->\n                  <div class=\"h-heading__outer style-502 style-local-3-c18\">\n                    <!---->\n                    <!---->\n                    <h4 class=\"\">Cookies<\/h4>\n                  <\/div>\n                <\/div>\n                <div data-colibri-id=\"3-c19\" class=\"h-text h-text-component style-503 style-local-3-c19 position-relative h-element\">\n                  <!---->\n                  <!---->\n                  <div class=\"\">\n                    <p>Unser Angebot ist nicht auf das Setzen von Cookies angewiesen. Cookies sind kleine Dateien, die auf der Festplatte eines Besuchers abgelegt werden. Sie erlauben es, Informationen \u00fcber einen bestimmten Zeitraum vorzuhalten und den Rechner\n                      des Besuchers zu identifizieren. Wir verzichten auf das Setzen von Cookies.<\/p>\n                  <\/div>\n                <\/div>\n                <div data-colibri-id=\"3-c20\" class=\"h-global-transition-all h-heading style-504 style-local-3-c20 position-relative h-element\">\n                  <!---->\n                  <div class=\"h-heading__outer style-504 style-local-3-c20\">\n                    <!---->\n                    <!---->\n                    <h4 class=\"\">Eingebettete Inhalte von anderen Websiten<\/h4>\n                  <\/div>\n                <\/div>\n                <div data-colibri-id=\"3-c21\" class=\"h-text h-text-component style-505 style-local-3-c21 position-relative h-element\">\n                  <!---->\n                  <!---->\n                  <div class=\"\">\n                    <p>Auf unseren Webseiten betten wir Videos oder Links ein, die nicht auf unseren Servern gespeichert sind. Hierdurch erh\u00e4lt der Drittanbieter die Information, dass Sie unsere Seite aufgerufen haben sowie die in diesem Rahmen technisch\n                      erforderlichen Nutzungsdaten. Au\u00dferdem ist der Drittanbieter dann in der Lage Trackingtechnologien zu implementieren. Wir haben auf die weitere Datenverarbeitung durch den Drittanbieter keinen Einfluss. Bitte beachten Sie, dass die\n                      Einbettung vieler Videos dazu f\u00fchrt, dass Ihre Daten au\u00dferhalb der EU bzw. des EWR verarbeitet werden. In einigen L\u00e4ndern besteht dabei das Risiko, dass Beh\u00f6rden auf die Daten zu Sicherheits- und \u00dcberwachungszwecken zugreifen, ohne\n                      dass Sie hier\u00fcber informiert werden oder Rechtsmittel einlegen k\u00f6nnen. Sofern wir Anbieter in unsicheren Drittl\u00e4ndern einsetzen, erfolgt die \u00dcbermittlung in ein unsicheres Drittland auf Grundlage von Art. 49 Abs. 1 lit. a DSGVO.<\/p>\n                  <\/div>\n                <\/div>\n                <div data-colibri-id=\"3-c22\" class=\"h-global-transition-all h-heading style-506 style-local-3-c22 position-relative h-element\">\n                  <!---->\n                  <div class=\"h-heading__outer style-506 style-local-3-c22\">\n                    <!---->\n                    <!---->\n                    <h4 class=\"\">Ihre Rechte als betroffene Person<\/h4>\n                  <\/div>\n                <\/div>\n                <div data-colibri-id=\"3-c23\" class=\"h-text h-text-component style-507 style-local-3-c23 position-relative h-element\">\n                  <!---->\n                  <!---->\n                  <div class=\"\">\n                    <p>Bei der Verarbeitung Ihrer personenbezogenen Daten gew\u00e4hrt die DSGVO Ihnen als betroffene Person bestimmte Rechte:<\/p>\n                    <p><em>Auskunftsrecht (Art. 15 DSGVO)<\/em>\n                      <br>Sie haben das Recht eine Best\u00e4tigung dar\u00fcber zu verlangen, ob Sie betreffende personenbezogene Daten verarbeitet werden; ist dies der Fall, so haben Sie ein Recht auf Auskunft \u00fcber diese personenbezogenen Daten und auf die in Art.\n                      15 DSGVO im Einzelnen aufgef\u00fchrten Informationen.<\/p>\n                    <p><em>Recht auf Berichtigung (Art. 16 DSGVO)<\/em>\n                      <br>Sie haben das Recht, unverz\u00fcglich die Berichtigung Sie betreffender unrichtiger personenbezogener Daten und ggf. die Vervollst\u00e4ndigung unvollst\u00e4ndiger Daten zu verlangen.<\/p>\n                    <p><em>Recht auf L\u00f6schung (Art. 17 DSGVO)<\/em>\n                      <br>Sie haben das Recht, zu verlangen, dass Sie betreffende personenbezogene Daten unverz\u00fcglich gel\u00f6scht werden, sofern einer der in Art. 17 DSGVO im Einzelnen aufgef\u00fchrten Gr\u00fcnde zutrifft.<\/p>\n                    <p><em>Recht auf Einschr\u00e4nkung der Verarbeitung (Art. 18 DSGVO)<\/em>\n                      <br>Sie haben das Recht, die Einschr\u00e4nkung der Verarbeitung zu verlangen, wenn eine der in Art. 18 DSGVO aufgef\u00fchrten Voraussetzungen gegeben ist, z. B. wenn Sie Widerspruch gegen die Verarbeitung eingelegt haben, f\u00fcr die Dauer der Pr\u00fcfung\n                      durch den Verantwortlichen.<\/p>\n                    <p><em>Recht auf Daten\u00fcbertragbarkeit (Art. 20 DSGVO)<\/em>\n                      <br>In bestimmten F\u00e4llen, die in Art. 20 DSGVO im Einzelnen aufgef\u00fchrt sind, haben Sie das Recht, die Sie betreffenden personenbezogenen Daten in einem strukturierten, g\u00e4ngigen und maschinenlesbaren Format zu erhalten bzw. die \u00dcbermittlung\n                      dieser Daten an einen Dritten zu verlangen.<\/p>\n                    <p><em>Widerrufsrecht (Art. 7 DSGVO)<\/em>\n                      <br>Sofern die Verarbeitung von Daten auf Grundlage Ihrer Einwilligung erfolgt, sind Sie nach Art. 7 Abs. 3 DSGVO berechtigt, die Einwilligung in die Verwendung Ihrer personenbezogenen Daten jederzeit zu widerrufen. Bitte beachten Sie,\n                      dass der Widerruf erst f\u00fcr die Zukunft wirkt. Verarbeitungen, die vor dem Widerruf erfolgt sind, sind davon nicht betroffen.<\/p>\n                    <p><em>Widerspruchsrecht (Art. 21 DSGVO)<\/em>\n                      <br>Werden Daten auf Grundlage von Art. 6 Abs. 1 S. 1 lit. f DSGVO (Datenverarbeitung zur Wahrung berechtigter Interessen) oder auf Grundlage von Art. 6 Abs. 1 S. 1 lit. e DSGVO (Datenverarbeitung zur Wahrung \u00f6ffentlichen Interesse oder\n                      in Aus\u00fcbung \u00f6ffentlicher Gewalt) erhoben, steht Ihnen das Recht zu, aus Gr\u00fcnden, die sich aus Ihrer besonderen Situation ergeben, jederzeit gegen die Verarbeitung Widerspruch einzulegen. Wir verarbeiten die personenbezogenen Daten\n                      dann nicht mehr, es sei denn, es liegen nachweisbar zwingende schutzw\u00fcrdige Gr\u00fcnde f\u00fcr die Verarbeitung vor, die gegen\u00fcber Ihren Interessen, Rechten und Freiheiten \u00fcberwiegen, oder die Verarbeitung dient der Geltendmachung, Aus\u00fcbung\n                      oder Verteidigung von Rechtsanspr\u00fcchen.<\/p>\n                    <p><em>Beschwerderecht bei einer Aufsichtsbeh\u00f6rde (Art. 77 DSGVO)<\/em>\n                      <br>Sie haben gem. Art. 77 DSGVO das Recht auf Beschwerde bei einer Aufsichtsbeh\u00f6rde, wenn Sie der Ansicht sind, dass die Verarbeitung der Sie betreffenden Daten gegen datenschutzrechtliche Bestimmungen verst\u00f6\u00dft. Das Beschwerderecht\n                      kann insbesondere bei einer Aufsichtsbeh\u00f6rde in dem Mitgliedstaat Ihres gew\u00f6hnlichen Aufenthaltsorts, Ihres Arbeitsplatzes oder des Orts des mutma\u00dflichen Versto\u00dfes geltend gemacht werden.<\/p>\n                    <p><em>Geltendmachung Ihrer Rechte<\/em>\n                      <br>Sofern vorstehend nichts anderes beschrieben wurde, wenden Sie sich zur Geltendmachung Ihrer Betroffenenrechte bitte an die im Impressum genannte Stelle.<\/p>\n                  <\/div>\n                <\/div>\n                <div data-colibri-id=\"3-c24\" class=\"h-global-transition-all h-heading style-508 style-local-3-c24 position-relative h-element\">\n                  <!---->\n                  <div class=\"h-heading__outer style-508 style-local-3-c24\">\n                    <!---->\n                    <!---->\n                    <h4 class=\"\">Kontaktdaten des Datenschutzbeauftragten<\/h4>\n                  <\/div>\n                <\/div>\n                <div data-colibri-id=\"3-c25\" class=\"h-text h-text-component style-509 style-local-3-c25 position-relative h-element\">\n                  <!---->\n                  <!---->\n                  <div class=\"\">\n                    <p><span style=\"font-weight: 400; font-size: 16px; font-family: &quot;Open Sans&quot;; color: rgb(70, 112, 127);\">Dr. Uwe Schl\u00e4ger datenschutz nord GmbH<\/span>\n                      <br><span style=\"font-weight: 400; font-size: 16px; font-family: &quot;Open Sans&quot;; color: rgb(70, 112, 127);\">Konsul-Smidt-Stra\u00dfe 88<\/span>\n                      <br><span style=\"font-weight: 400; font-size: 16px; font-family: &quot;Open Sans&quot;; color: rgb(70, 112, 127);\">28217 Bremen<\/span>\n                      <br><span style=\"font-weight: 400; font-size: 16px; font-family: &quot;Open Sans&quot;; color: rgb(70, 112, 127);\">Web:<\/span>\n                      <a href=\"https:\/\/www.dsn-group.de\/unternehmen\/datenschutz-nord-gmbh\" rel=\"noreferrer noopener\" target=\"_blank\" style=\"font-weight: 400; font-size: 16px; font-family: &quot;Open Sans&quot;; color: rgb(3, 169, 244);\" class=\"customize-unpreviewable\">www.datenschutz-nord.de<\/a>\n                      <br><span style=\"font-weight: 400; font-size: 16px; font-family: &quot;Open Sans&quot;; color: rgb(70, 112, 127);\">E-Mail:<\/span>\n                      <a href=\"mailto:office@datenschutz-nord.de\" rel=\"noreferrer noopener\" target=\"_blank\" style=\"font-weight: 400; font-size: 16px; font-family: &quot;Open Sans&quot;; color: rgb(3, 169, 244);\">office@datenschutz-nord.de<\/a>\n                      <br><span style=\"font-weight: 400; font-size: 16px; font-family: &quot;Open Sans&quot;; color: rgb(70, 112, 127);\">Telefon: 0421 69 66 32 0<\/span><\/p>\n                  <\/div>\n                <\/div>\n              <\/div>\n            <\/div>\n          <\/div>\n        <\/div>\n      <\/div>\n    <\/div>\n  <\/div>\n<\/div>","protected":false},"excerpt":{"rendered":"<p>Datenschutz Herzlich Willkommen! Wir freuen uns \u00fcber Ihren Besuch auf unserer Webseite. Nachfolgend m\u00f6chten wir Sie \u00fcber den Umgang mit Ihren Daten gem. Art. 13 Datenschutzgrundverordnung (DSGVO) informieren. Verantwortlicher Verantwortlich f\u00fcr die nachfolgend dargestellte Datenerhebung und -verarbeitung ist die im Impressum&nbsp;genannte Stelle. Speicherdauer Wir l\u00f6schen personenbezogene Daten, wenn sie f\u00fcr die vorgenannten Verarbeitungszwecke nicht mehr [&hellip;]<\/p>\n","protected":false},"author":1,"featured_media":0,"parent":0,"menu_order":0,"comment_status":"closed","ping_status":"open","template":"page-templates\/full-width-page.php","meta":{"footnotes":""},"class_list":["post-3","page","type-page","status-publish","hentry"],"_links":{"self":[{"href":"https:\/\/ar-improve.biba.uni-bremen.de\/index.php\/wp-json\/wp\/v2\/pages\/3","targetHints":{"allow":["GET"]}}],"collection":[{"href":"https:\/\/ar-improve.biba.uni-bremen.de\/index.php\/wp-json\/wp\/v2\/pages"}],"about":[{"href":"https:\/\/ar-improve.biba.uni-bremen.de\/index.php\/wp-json\/wp\/v2\/types\/page"}],"author":[{"embeddable":true,"href":"https:\/\/ar-improve.biba.uni-bremen.de\/index.php\/wp-json\/wp\/v2\/users\/1"}],"replies":[{"embeddable":true,"href":"https:\/\/ar-improve.biba.uni-bremen.de\/index.php\/wp-json\/wp\/v2\/comments?post=3"}],"version-history":[{"count":6,"href":"https:\/\/ar-improve.biba.uni-bremen.de\/index.php\/wp-json\/wp\/v2\/pages\/3\/revisions"}],"predecessor-version":[{"id":232,"href":"https:\/\/ar-improve.biba.uni-bremen.de\/index.php\/wp-json\/wp\/v2\/pages\/3\/revisions\/232"}],"wp:attachment":[{"href":"https:\/\/ar-improve.biba.uni-bremen.de\/index.php\/wp-json\/wp\/v2\/media?parent=3"}],"curies":[{"name":"wp","href":"https:\/\/api.w.org\/{rel}","templated":true}]}}